{"id":230,"date":"2018-04-02T15:15:44","date_gmt":"2018-04-02T15:15:44","guid":{"rendered":"http:\/\/autoitec.com.br\/autoitecwp\/?page_id=230"},"modified":"2018-04-02T15:23:23","modified_gmt":"2018-04-02T15:23:23","slug":"projetos-turn-key","status":"publish","type":"page","link":"https:\/\/autoitec.com.br\/autoitecwp\/projetos-turn-key\/","title":{"rendered":"Projetos Turn-Key"},"content":{"rendered":"<p style=\"text-align: left;\">Fornecimento de solu\u00e7\u00f5es completas de automa\u00e7\u00e3o de processos desde a concep\u00e7\u00e3o do sistema at\u00e9 a entrega da planta em funcionamento.<\/p>\n","protected":false},"excerpt":{"rendered":"<p>Fornecimento de solu\u00e7\u00f5es completas de automa\u00e7\u00e3o de processos desde a concep\u00e7\u00e3o do sistema at\u00e9 a entrega da planta em funcionamento.<\/p>\n","protected":false},"author":1,"featured_media":0,"parent":0,"menu_order":0,"comment_status":"closed","ping_status":"closed","template":"","meta":{"footnotes":""},"class_list":["post-230","page","type-page","status-publish","hentry"],"_links":{"self":[{"href":"https:\/\/autoitec.com.br\/autoitecwp\/wp-json\/wp\/v2\/pages\/230"}],"collection":[{"href":"https:\/\/autoitec.com.br\/autoitecwp\/wp-json\/wp\/v2\/pages"}],"about":[{"href":"https:\/\/autoitec.com.br\/autoitecwp\/wp-json\/wp\/v2\/types\/page"}],"author":[{"embeddable":true,"href":"https:\/\/autoitec.com.br\/autoitecwp\/wp-json\/wp\/v2\/users\/1"}],"replies":[{"embeddable":true,"href":"https:\/\/autoitec.com.br\/autoitecwp\/wp-json\/wp\/v2\/comments?post=230"}],"version-history":[{"count":2,"href":"https:\/\/autoitec.com.br\/autoitecwp\/wp-json\/wp\/v2\/pages\/230\/revisions"}],"predecessor-version":[{"id":257,"href":"https:\/\/autoitec.com.br\/autoitecwp\/wp-json\/wp\/v2\/pages\/230\/revisions\/257"}],"wp:attachment":[{"href":"https:\/\/autoitec.com.br\/autoitecwp\/wp-json\/wp\/v2\/media?parent=230"}],"curies":[{"name":"wp","href":"https:\/\/api.w.org\/{rel}","templated":true}]}}