{"id":231,"date":"2018-04-02T15:15:44","date_gmt":"2018-04-02T15:15:44","guid":{"rendered":"http:\/\/autoitec.com.br\/autoitecwp\/?page_id=231"},"modified":"2018-04-02T15:24:04","modified_gmt":"2018-04-02T15:24:04","slug":"consultoria-e-suporte","status":"publish","type":"page","link":"https:\/\/autoitec.com.br\/autoitecwp\/consultoria-e-suporte\/","title":{"rendered":"Consultoria e Suporte"},"content":{"rendered":"<p>Servi\u00e7os de consultoria relacionados com engenharia b\u00e1sica e execu\u00e7\u00e3o do projeto nas \u00e1reas de automa\u00e7\u00e3o, el\u00e9trica, instrumenta\u00e7\u00e3o, redes de automa\u00e7\u00e3o, an\u00e1lise de viabilidade t\u00e9cnica e econ\u00f4mica, especifica\u00e7\u00e3o de instrumenta\u00e7\u00e3o, equipamentos de controle e sistemas de acionamento CA e CC, desenvolvimento de sistemas especialistas, otimiza\u00e7\u00e3o de processos, elabora\u00e7\u00e3o de plano diretor de automa\u00e7\u00e3o e de inform\u00e1tica e outros.<\/p>\n<p>Suporte t\u00e9cnico total \u00e0s aplica\u00e7\u00f5es dos clientes, incluindo suporte on-site.<\/p>\n","protected":false},"excerpt":{"rendered":"<p>Servi\u00e7os de consultoria relacionados com engenharia b\u00e1sica e execu\u00e7\u00e3o do projeto nas \u00e1reas de automa\u00e7\u00e3o, el\u00e9trica, instrumenta\u00e7\u00e3o, redes de automa\u00e7\u00e3o, an\u00e1lise de viabilidade t\u00e9cnica e econ\u00f4mica, especifica\u00e7\u00e3o de instrumenta\u00e7\u00e3o, equipamentos de controle e sistemas de acionamento CA e CC, desenvolvimento de sistemas especialistas, otimiza\u00e7\u00e3o de processos, elabora\u00e7\u00e3o de plano diretor de automa\u00e7\u00e3o e de inform\u00e1tica&hellip; <br \/> <a class=\"button small blue\" href=\"https:\/\/autoitec.com.br\/autoitecwp\/consultoria-e-suporte\/\">Leia mais<\/a><\/p>\n","protected":false},"author":1,"featured_media":0,"parent":0,"menu_order":0,"comment_status":"closed","ping_status":"closed","template":"","meta":{"footnotes":""},"class_list":["post-231","page","type-page","status-publish","hentry"],"_links":{"self":[{"href":"https:\/\/autoitec.com.br\/autoitecwp\/wp-json\/wp\/v2\/pages\/231"}],"collection":[{"href":"https:\/\/autoitec.com.br\/autoitecwp\/wp-json\/wp\/v2\/pages"}],"about":[{"href":"https:\/\/autoitec.com.br\/autoitecwp\/wp-json\/wp\/v2\/types\/page"}],"author":[{"embeddable":true,"href":"https:\/\/autoitec.com.br\/autoitecwp\/wp-json\/wp\/v2\/users\/1"}],"replies":[{"embeddable":true,"href":"https:\/\/autoitec.com.br\/autoitecwp\/wp-json\/wp\/v2\/comments?post=231"}],"version-history":[{"count":2,"href":"https:\/\/autoitec.com.br\/autoitecwp\/wp-json\/wp\/v2\/pages\/231\/revisions"}],"predecessor-version":[{"id":258,"href":"https:\/\/autoitec.com.br\/autoitecwp\/wp-json\/wp\/v2\/pages\/231\/revisions\/258"}],"wp:attachment":[{"href":"https:\/\/autoitec.com.br\/autoitecwp\/wp-json\/wp\/v2\/media?parent=231"}],"curies":[{"name":"wp","href":"https:\/\/api.w.org\/{rel}","templated":true}]}}