{"id":24,"date":"2018-03-27T14:48:38","date_gmt":"2018-03-27T14:48:38","guid":{"rendered":"http:\/\/autoitec.com.br\/autoitecwp\/?page_id=24"},"modified":"2018-04-02T15:08:34","modified_gmt":"2018-04-02T15:08:34","slug":"quem-somos","status":"publish","type":"page","link":"https:\/\/autoitec.com.br\/autoitecwp\/quem-somos\/","title":{"rendered":"Quem somos"},"content":{"rendered":"<p style=\"text-align: left;\">A AUTOITEC Automa\u00e7\u00e3o Ltda., fundada em 2011, com sede em Sete Lagoas \u2013 MG, \u00e9 uma empresa focada no desenvolvimento, elabora\u00e7\u00e3o e gerenciamento de projetos de automa\u00e7\u00e3o em geral.<\/p>\n<p style=\"text-align: left;\">A nossa equipe conta com profissionais altamente capacitados para a realiza\u00e7\u00e3o das diversas atividades na \u00e1rea de automa\u00e7\u00e3o industrial, possuindo um atendimento totalmente personalizado e exclusivo.<\/p>\n<p style=\"text-align: left;\">Nosso pensamento se resume em atingir todos os resultados esperados, da maneira mais eficiente, enfatizando a qualidade dos produtos e a redu\u00e7\u00e3o de custos para nossos clientes. Contamos com uma moderna infraestrutura, e equipamentos de \u00faltima gera\u00e7\u00e3o que otimizam todos os resultados.<\/p>\n<p style=\"text-align: left;\">Atuamos nas seguintes modalidades da Engenharia de Automa\u00e7\u00e3o Industrial:<\/p>\n<ul>\n<li style=\"text-align: left;\">Consultoria T\u00e9cnica;<\/li>\n<li style=\"text-align: left;\">Gerenciamento de Projetos;<\/li>\n<li style=\"text-align: left;\">Projetos Turn-Key;<\/li>\n<li style=\"text-align: left;\">Engenharia B\u00e1sica de automa\u00e7\u00e3o, el\u00e9trica e instrumenta\u00e7\u00e3o;<\/li>\n<li style=\"text-align: left;\">Engenharia de Detalhamento de automa\u00e7\u00e3o, el\u00e9trica e instrumenta\u00e7\u00e3o;<\/li>\n<li style=\"text-align: left;\">Programa\u00e7\u00e3o de CLPs;<\/li>\n<li style=\"text-align: left;\">Implementa\u00e7\u00e3o de Sistemas Supervis\u00f3rios;<\/li>\n<li style=\"text-align: left;\">Desenvolvimento de solu\u00e7\u00f5es customizadas e singulares em Automa\u00e7\u00e3o Industrial;<\/li>\n<li style=\"text-align: left;\">Adequa\u00e7\u00e3o \u00e0s normas NR-10 e NR-12;<\/li>\n<li style=\"text-align: left;\">Montagem el\u00e9trica, instrumenta\u00e7\u00e3o e controle;<\/li>\n<li style=\"text-align: left;\">Supervis\u00e3o de Montagem;<\/li>\n<li style=\"text-align: left;\">Assist\u00eancia T\u00e9cnica<\/li>\n<\/ul>\n<p>Nossos clientes s\u00e3o nossos maiores aliados, com os quais podem ser obtidas as verdadeiras refer\u00eancias aos trabalhos executados por ela e seus s\u00f3cios no transcorrer dos anos.<\/p>\n<p>Colocamo-nos \u00e0 inteira disposi\u00e7\u00e3o para prestar servi\u00e7os, na certeza de lhes oferecer organiza\u00e7\u00e3o, responsabilidade e seguran\u00e7a.<\/p>\n<p>Agradecemos a sua aten\u00e7\u00e3o e esperamos poder atend\u00ea-los em novos projetos, expans\u00f5es e sugest\u00f5es t\u00e9cnicas.<\/p>\n","protected":false},"excerpt":{"rendered":"<p>A AUTOITEC Automa\u00e7\u00e3o Ltda., fundada em 2011, com sede em Sete Lagoas \u2013 MG, \u00e9 uma empresa focada no desenvolvimento, elabora\u00e7\u00e3o e gerenciamento de projetos de automa\u00e7\u00e3o em geral. A nossa equipe conta com profissionais altamente capacitados para a realiza\u00e7\u00e3o das diversas atividades na \u00e1rea de automa\u00e7\u00e3o industrial, possuindo um atendimento totalmente personalizado e exclusivo.&hellip; <br \/> <a class=\"button small blue\" href=\"https:\/\/autoitec.com.br\/autoitecwp\/quem-somos\/\">Leia mais<\/a><\/p>\n","protected":false},"author":1,"featured_media":0,"parent":0,"menu_order":0,"comment_status":"closed","ping_status":"closed","template":"","meta":{"footnotes":""},"class_list":["post-24","page","type-page","status-publish","hentry"],"_links":{"self":[{"href":"https:\/\/autoitec.com.br\/autoitecwp\/wp-json\/wp\/v2\/pages\/24"}],"collection":[{"href":"https:\/\/autoitec.com.br\/autoitecwp\/wp-json\/wp\/v2\/pages"}],"about":[{"href":"https:\/\/autoitec.com.br\/autoitecwp\/wp-json\/wp\/v2\/types\/page"}],"author":[{"embeddable":true,"href":"https:\/\/autoitec.com.br\/autoitecwp\/wp-json\/wp\/v2\/users\/1"}],"replies":[{"embeddable":true,"href":"https:\/\/autoitec.com.br\/autoitecwp\/wp-json\/wp\/v2\/comments?post=24"}],"version-history":[{"count":7,"href":"https:\/\/autoitec.com.br\/autoitecwp\/wp-json\/wp\/v2\/pages\/24\/revisions"}],"predecessor-version":[{"id":225,"href":"https:\/\/autoitec.com.br\/autoitecwp\/wp-json\/wp\/v2\/pages\/24\/revisions\/225"}],"wp:attachment":[{"href":"https:\/\/autoitec.com.br\/autoitecwp\/wp-json\/wp\/v2\/media?parent=24"}],"curies":[{"name":"wp","href":"https:\/\/api.w.org\/{rel}","templated":true}]}}