{"id":25,"date":"2018-03-27T14:48:38","date_gmt":"2018-03-27T14:48:38","guid":{"rendered":"http:\/\/autoitec.com.br\/autoitecwp\/?page_id=25"},"modified":"2018-04-02T14:01:26","modified_gmt":"2018-04-02T14:01:26","slug":"missao","status":"publish","type":"page","link":"https:\/\/autoitec.com.br\/autoitecwp\/missao\/","title":{"rendered":"Miss\u00e3o"},"content":{"rendered":"<p>Oferecer solu\u00e7\u00f5es integradas de tecnologia de automa\u00e7\u00e3o para processos industriais com o melhor padr\u00e3o de qualidade existente, visando \u00e0 satisfa\u00e7\u00e3o do cliente.<\/p>\n","protected":false},"excerpt":{"rendered":"<p>Oferecer solu\u00e7\u00f5es integradas de tecnologia de automa\u00e7\u00e3o para processos industriais com o melhor padr\u00e3o de qualidade existente, visando \u00e0 satisfa\u00e7\u00e3o do cliente.<\/p>\n","protected":false},"author":1,"featured_media":0,"parent":0,"menu_order":0,"comment_status":"closed","ping_status":"closed","template":"","meta":{"footnotes":""},"class_list":["post-25","page","type-page","status-publish","hentry"],"_links":{"self":[{"href":"https:\/\/autoitec.com.br\/autoitecwp\/wp-json\/wp\/v2\/pages\/25"}],"collection":[{"href":"https:\/\/autoitec.com.br\/autoitecwp\/wp-json\/wp\/v2\/pages"}],"about":[{"href":"https:\/\/autoitec.com.br\/autoitecwp\/wp-json\/wp\/v2\/types\/page"}],"author":[{"embeddable":true,"href":"https:\/\/autoitec.com.br\/autoitecwp\/wp-json\/wp\/v2\/users\/1"}],"replies":[{"embeddable":true,"href":"https:\/\/autoitec.com.br\/autoitecwp\/wp-json\/wp\/v2\/comments?post=25"}],"version-history":[{"count":2,"href":"https:\/\/autoitec.com.br\/autoitecwp\/wp-json\/wp\/v2\/pages\/25\/revisions"}],"predecessor-version":[{"id":120,"href":"https:\/\/autoitec.com.br\/autoitecwp\/wp-json\/wp\/v2\/pages\/25\/revisions\/120"}],"wp:attachment":[{"href":"https:\/\/autoitec.com.br\/autoitecwp\/wp-json\/wp\/v2\/media?parent=25"}],"curies":[{"name":"wp","href":"https:\/\/api.w.org\/{rel}","templated":true}]}}