{"id":29,"date":"2018-03-27T14:48:38","date_gmt":"2018-03-27T14:48:38","guid":{"rendered":"http:\/\/autoitec.com.br\/autoitecwp\/?page_id=29"},"modified":"2018-04-02T15:10:56","modified_gmt":"2018-04-02T15:10:56","slug":"automacao","status":"publish","type":"page","link":"https:\/\/autoitec.com.br\/autoitecwp\/automacao\/","title":{"rendered":"Automa\u00e7\u00e3o"},"content":{"rendered":"<ul>\n<li style=\"text-align: left;\">Engenharia de controle de processos;<\/li>\n<li style=\"text-align: left;\">Sistemas de acionamento;<\/li>\n<li style=\"text-align: left;\">Programa\u00e7\u00e3o de CLP;<\/li>\n<li style=\"text-align: left;\">Programa\u00e7\u00e3o de sistemas SCADA;<\/li>\n<li style=\"text-align: left;\">Projeto, instala\u00e7\u00e3o e montagem de sistemas;<\/li>\n<li style=\"text-align: left;\">Projeto de redes industriais<\/li>\n<li style=\"text-align: left;\">Treinamentos;<\/li>\n<li style=\"text-align: left;\">Servi\u00e7os de comissionamento e start-up<\/li>\n<li style=\"text-align: left;\">Assist\u00eancia t\u00e9cnica<\/li>\n<\/ul>\n","protected":false},"excerpt":{"rendered":"<p>Engenharia de controle de processos; Sistemas de acionamento; Programa\u00e7\u00e3o de CLP; Programa\u00e7\u00e3o de sistemas SCADA; Projeto, instala\u00e7\u00e3o e montagem de sistemas; Projeto de redes industriais Treinamentos; Servi\u00e7os de comissionamento e start-up Assist\u00eancia t\u00e9cnica<\/p>\n","protected":false},"author":1,"featured_media":0,"parent":0,"menu_order":0,"comment_status":"closed","ping_status":"closed","template":"","meta":{"footnotes":""},"class_list":["post-29","page","type-page","status-publish","hentry"],"_links":{"self":[{"href":"https:\/\/autoitec.com.br\/autoitecwp\/wp-json\/wp\/v2\/pages\/29"}],"collection":[{"href":"https:\/\/autoitec.com.br\/autoitecwp\/wp-json\/wp\/v2\/pages"}],"about":[{"href":"https:\/\/autoitec.com.br\/autoitecwp\/wp-json\/wp\/v2\/types\/page"}],"author":[{"embeddable":true,"href":"https:\/\/autoitec.com.br\/autoitecwp\/wp-json\/wp\/v2\/users\/1"}],"replies":[{"embeddable":true,"href":"https:\/\/autoitec.com.br\/autoitecwp\/wp-json\/wp\/v2\/comments?post=29"}],"version-history":[{"count":2,"href":"https:\/\/autoitec.com.br\/autoitecwp\/wp-json\/wp\/v2\/pages\/29\/revisions"}],"predecessor-version":[{"id":226,"href":"https:\/\/autoitec.com.br\/autoitecwp\/wp-json\/wp\/v2\/pages\/29\/revisions\/226"}],"wp:attachment":[{"href":"https:\/\/autoitec.com.br\/autoitecwp\/wp-json\/wp\/v2\/media?parent=29"}],"curies":[{"name":"wp","href":"https:\/\/api.w.org\/{rel}","templated":true}]}}