{"id":31,"date":"2018-03-27T14:48:38","date_gmt":"2018-03-27T14:48:38","guid":{"rendered":"http:\/\/autoitec.com.br\/autoitecwp\/?page_id=31"},"modified":"2018-04-02T15:12:24","modified_gmt":"2018-04-02T15:12:24","slug":"instrumentacao","status":"publish","type":"page","link":"https:\/\/autoitec.com.br\/autoitecwp\/instrumentacao\/","title":{"rendered":"Instrumenta\u00e7\u00e3o"},"content":{"rendered":"<ul>\n<li>Especifica\u00e7\u00e3o e elabora\u00e7\u00e3o de folhas de dados de instrumentos<\/li>\n<li>Elabora\u00e7\u00e3o de diagramas P&amp;I<\/li>\n<li>Desenhos de loca\u00e7\u00e3o<\/li>\n<li>Projetos para montagem (hook-up)<\/li>\n<li>Projetos para montagem el\u00e9trica<\/li>\n<li>Supervis\u00e3o de montagem, comissionamento e start-up<\/li>\n<\/ul>\n","protected":false},"excerpt":{"rendered":"<p>Especifica\u00e7\u00e3o e elabora\u00e7\u00e3o de folhas de dados de instrumentos Elabora\u00e7\u00e3o de diagramas P&amp;I Desenhos de loca\u00e7\u00e3o Projetos para montagem (hook-up) Projetos para montagem el\u00e9trica Supervis\u00e3o de montagem, comissionamento e start-up<\/p>\n","protected":false},"author":1,"featured_media":0,"parent":0,"menu_order":0,"comment_status":"closed","ping_status":"closed","template":"","meta":{"footnotes":""},"class_list":["post-31","page","type-page","status-publish","hentry"],"_links":{"self":[{"href":"https:\/\/autoitec.com.br\/autoitecwp\/wp-json\/wp\/v2\/pages\/31"}],"collection":[{"href":"https:\/\/autoitec.com.br\/autoitecwp\/wp-json\/wp\/v2\/pages"}],"about":[{"href":"https:\/\/autoitec.com.br\/autoitecwp\/wp-json\/wp\/v2\/types\/page"}],"author":[{"embeddable":true,"href":"https:\/\/autoitec.com.br\/autoitecwp\/wp-json\/wp\/v2\/users\/1"}],"replies":[{"embeddable":true,"href":"https:\/\/autoitec.com.br\/autoitecwp\/wp-json\/wp\/v2\/comments?post=31"}],"version-history":[{"count":2,"href":"https:\/\/autoitec.com.br\/autoitecwp\/wp-json\/wp\/v2\/pages\/31\/revisions"}],"predecessor-version":[{"id":228,"href":"https:\/\/autoitec.com.br\/autoitecwp\/wp-json\/wp\/v2\/pages\/31\/revisions\/228"}],"wp:attachment":[{"href":"https:\/\/autoitec.com.br\/autoitecwp\/wp-json\/wp\/v2\/media?parent=31"}],"curies":[{"name":"wp","href":"https:\/\/api.w.org\/{rel}","templated":true}]}}