{"id":552,"date":"2019-02-25T18:35:23","date_gmt":"2019-02-25T21:35:23","guid":{"rendered":"http:\/\/autoitec.com.br\/autoitecwp\/?page_id=552"},"modified":"2019-02-25T19:12:40","modified_gmt":"2019-02-25T22:12:40","slug":"produtos","status":"publish","type":"page","link":"https:\/\/autoitec.com.br\/autoitecwp\/produtos\/","title":{"rendered":"Produtos"},"content":{"rendered":"\t\t<div data-elementor-type=\"wp-post\" data-elementor-id=\"552\" class=\"elementor elementor-552 elementor-bc-flex-widget\">\n\t\t\t\t\t\t<section class=\"elementor-section elementor-top-section elementor-element elementor-element-3dbc333 elementor-section-boxed elementor-section-height-default elementor-section-height-default\" data-id=\"3dbc333\" data-element_type=\"section\">\n\t\t\t\t\t\t<div class=\"elementor-container elementor-column-gap-default\">\n\t\t\t\t\t<div class=\"elementor-column elementor-col-50 elementor-top-column elementor-element elementor-element-0abc482\" data-id=\"0abc482\" data-element_type=\"column\">\n\t\t\t<div class=\"elementor-widget-wrap elementor-element-populated\">\n\t\t\t\t\t\t<div class=\"elementor-element elementor-element-d569797 elementor-widget elementor-widget-image\" data-id=\"d569797\" data-element_type=\"widget\" data-widget_type=\"image.default\">\n\t\t\t\t<div class=\"elementor-widget-container\">\n\t\t\t\t\t\t\t\t\t\t\t\t\t\t<a href=\"http:\/\/copasa.fcleal.com.br\/dashboard\/dados\" target=\"_blank\">\n\t\t\t\t\t\t\t<img fetchpriority=\"high\" decoding=\"async\" width=\"1024\" height=\"349\" src=\"https:\/\/autoitec.com.br\/autoitecwp\/wp-content\/uploads\/2019\/02\/imagem1-1024x349.png\" class=\"attachment-large size-large wp-image-557\" alt=\"\" srcset=\"https:\/\/autoitec.com.br\/autoitecwp\/wp-content\/uploads\/2019\/02\/imagem1-1024x349.png 1024w, https:\/\/autoitec.com.br\/autoitecwp\/wp-content\/uploads\/2019\/02\/imagem1-300x102.png 300w, https:\/\/autoitec.com.br\/autoitecwp\/wp-content\/uploads\/2019\/02\/imagem1-768x262.png 768w, https:\/\/autoitec.com.br\/autoitecwp\/wp-content\/uploads\/2019\/02\/imagem1.png 1573w\" sizes=\"(max-width: 1024px) 100vw, 1024px\" \/>\t\t\t\t\t\t\t\t<\/a>\n\t\t\t\t\t\t\t\t\t\t\t\t\t<\/div>\n\t\t\t\t<\/div>\n\t\t\t\t\t<\/div>\n\t\t<\/div>\n\t\t\t\t<div class=\"elementor-column elementor-col-50 elementor-top-column elementor-element elementor-element-a934b40\" data-id=\"a934b40\" data-element_type=\"column\">\n\t\t\t<div class=\"elementor-widget-wrap elementor-element-populated\">\n\t\t\t\t\t\t<div class=\"elementor-element elementor-element-3beac92 elementor-widget elementor-widget-text-editor\" data-id=\"3beac92\" data-element_type=\"widget\" data-widget_type=\"text-editor.default\">\n\t\t\t\t<div class=\"elementor-widget-container\">\n\t\t\t\t\t\t\t<h3>Sistema de Telemetria<\/h3>\t\t\t\t\t\t<\/div>\n\t\t\t\t<\/div>\n\t\t\t\t<div class=\"elementor-element elementor-element-2a28dfc elementor-widget elementor-widget-text-editor\" data-id=\"2a28dfc\" data-element_type=\"widget\" data-widget_type=\"text-editor.default\">\n\t\t\t\t<div class=\"elementor-widget-container\">\n\t\t\t\t\t\t\t<p>O sistema de telemetria permite acesso seguro e direto \u00e0s informa\u00e7\u00f5es, em tempo real, via GPRS, das medi\u00e7\u00f5es de processos como: vaz\u00f5es, n\u00edveis, press\u00f5es, temperaturas,\u00a0 energia, g\u00e1s e outras. Permitindo, tamb\u00e9m, acesso aos dados atrav\u00e9s dos diversos protocolos industriais existentes no mercado.<\/p>\t\t\t\t\t\t<\/div>\n\t\t\t\t<\/div>\n\t\t\t\t\t<\/div>\n\t\t<\/div>\n\t\t\t\t\t<\/div>\n\t\t<\/section>\n\t\t\t\t<section class=\"elementor-section elementor-top-section elementor-element elementor-element-3cea62f elementor-section-boxed elementor-section-height-default elementor-section-height-default\" data-id=\"3cea62f\" data-element_type=\"section\">\n\t\t\t\t\t\t<div class=\"elementor-container elementor-column-gap-default\">\n\t\t\t\t\t<div class=\"elementor-column elementor-col-50 elementor-top-column elementor-element elementor-element-96cc296\" data-id=\"96cc296\" data-element_type=\"column\">\n\t\t\t<div class=\"elementor-widget-wrap elementor-element-populated\">\n\t\t\t\t\t\t<div class=\"elementor-element elementor-element-3a369b7 elementor-widget elementor-widget-text-editor\" data-id=\"3a369b7\" data-element_type=\"widget\" data-widget_type=\"text-editor.default\">\n\t\t\t\t<div class=\"elementor-widget-container\">\n\t\t\t\t\t\t\t<h3>Sistema de Telecomandos<\/h3>\t\t\t\t\t\t<\/div>\n\t\t\t\t<\/div>\n\t\t\t\t<div class=\"elementor-element elementor-element-421dac4 elementor-widget elementor-widget-text-editor\" data-id=\"421dac4\" data-element_type=\"widget\" data-widget_type=\"text-editor.default\">\n\t\t\t\t<div class=\"elementor-widget-container\">\n\t\t\t\t\t\t\t<p>O sistema de telecomando permite o acionamento e monitoramento de equipamentos, via GPRS, trazendo praticidade, agilidade e assertividade aos seus processos\u00a0<span style=\"font-family: Roboto, sans-serif; font-size: 18px;\">remotos.<\/span><\/p>\t\t\t\t\t\t<\/div>\n\t\t\t\t<\/div>\n\t\t\t\t\t<\/div>\n\t\t<\/div>\n\t\t\t\t<div class=\"elementor-column elementor-col-50 elementor-top-column elementor-element elementor-element-d375dd3\" data-id=\"d375dd3\" data-element_type=\"column\">\n\t\t\t<div class=\"elementor-widget-wrap elementor-element-populated\">\n\t\t\t\t\t\t<div class=\"elementor-element elementor-element-a1e4069 elementor-widget elementor-widget-image\" data-id=\"a1e4069\" data-element_type=\"widget\" data-widget_type=\"image.default\">\n\t\t\t\t<div class=\"elementor-widget-container\">\n\t\t\t\t\t\t\t\t\t\t\t\t\t\t<a href=\"http:\/\/copasa.fcleal.com.br\/dash3\/dados\/\" target=\"_blank\">\n\t\t\t\t\t\t\t<img decoding=\"async\" width=\"1024\" height=\"448\" src=\"https:\/\/autoitec.com.br\/autoitecwp\/wp-content\/uploads\/2019\/02\/imagem4-1024x448.png\" class=\"attachment-large size-large wp-image-560\" alt=\"\" srcset=\"https:\/\/autoitec.com.br\/autoitecwp\/wp-content\/uploads\/2019\/02\/imagem4-1024x448.png 1024w, https:\/\/autoitec.com.br\/autoitecwp\/wp-content\/uploads\/2019\/02\/imagem4-300x131.png 300w, https:\/\/autoitec.com.br\/autoitecwp\/wp-content\/uploads\/2019\/02\/imagem4-768x336.png 768w, https:\/\/autoitec.com.br\/autoitecwp\/wp-content\/uploads\/2019\/02\/imagem4.png 1580w\" sizes=\"(max-width: 1024px) 100vw, 1024px\" \/>\t\t\t\t\t\t\t\t<\/a>\n\t\t\t\t\t\t\t\t\t\t\t\t\t<\/div>\n\t\t\t\t<\/div>\n\t\t\t\t\t<\/div>\n\t\t<\/div>\n\t\t\t\t\t<\/div>\n\t\t<\/section>\n\t\t\t\t<section class=\"elementor-section elementor-top-section elementor-element elementor-element-db92c6c elementor-section-boxed elementor-section-height-default elementor-section-height-default\" data-id=\"db92c6c\" data-element_type=\"section\">\n\t\t\t\t\t\t<div class=\"elementor-container elementor-column-gap-default\">\n\t\t\t\t\t<div class=\"elementor-column elementor-col-100 elementor-top-column elementor-element elementor-element-3de4359\" data-id=\"3de4359\" data-element_type=\"column\">\n\t\t\t<div class=\"elementor-widget-wrap elementor-element-populated\">\n\t\t\t\t\t\t<div class=\"elementor-element elementor-element-ed57e61 elementor-widget elementor-widget-image\" data-id=\"ed57e61\" data-element_type=\"widget\" data-widget_type=\"image.default\">\n\t\t\t\t<div class=\"elementor-widget-container\">\n\t\t\t\t\t\t\t\t\t\t\t\t\t<img decoding=\"async\" width=\"768\" height=\"365\" src=\"https:\/\/autoitec.com.br\/autoitecwp\/wp-content\/uploads\/2019\/02\/imagem3-768x365.png\" class=\"attachment-medium_large size-medium_large wp-image-559\" alt=\"\" srcset=\"https:\/\/autoitec.com.br\/autoitecwp\/wp-content\/uploads\/2019\/02\/imagem3-768x365.png 768w, https:\/\/autoitec.com.br\/autoitecwp\/wp-content\/uploads\/2019\/02\/imagem3-300x142.png 300w, https:\/\/autoitec.com.br\/autoitecwp\/wp-content\/uploads\/2019\/02\/imagem3-1024x486.png 1024w, https:\/\/autoitec.com.br\/autoitecwp\/wp-content\/uploads\/2019\/02\/imagem3.png 1369w\" sizes=\"(max-width: 768px) 100vw, 768px\" \/>\t\t\t\t\t\t\t\t\t\t\t\t\t<\/div>\n\t\t\t\t<\/div>\n\t\t\t\t\t<\/div>\n\t\t<\/div>\n\t\t\t\t\t<\/div>\n\t\t<\/section>\n\t\t\t\t<section class=\"elementor-section elementor-top-section elementor-element elementor-element-9e3966a elementor-section-boxed elementor-section-height-default elementor-section-height-default\" data-id=\"9e3966a\" data-element_type=\"section\">\n\t\t\t\t\t\t<div class=\"elementor-container elementor-column-gap-default\">\n\t\t\t\t\t<div class=\"elementor-column elementor-col-100 elementor-top-column elementor-element elementor-element-53905b5\" data-id=\"53905b5\" data-element_type=\"column\">\n\t\t\t<div class=\"elementor-widget-wrap elementor-element-populated\">\n\t\t\t\t\t\t<div class=\"elementor-element elementor-element-8797b29 elementor-widget elementor-widget-image\" data-id=\"8797b29\" data-element_type=\"widget\" data-widget_type=\"image.default\">\n\t\t\t\t<div class=\"elementor-widget-container\">\n\t\t\t\t\t\t\t\t\t\t\t\t\t<img loading=\"lazy\" decoding=\"async\" width=\"768\" height=\"235\" src=\"https:\/\/autoitec.com.br\/autoitecwp\/wp-content\/uploads\/2019\/02\/imagem2-768x235.png\" class=\"attachment-medium_large size-medium_large wp-image-558\" alt=\"\" srcset=\"https:\/\/autoitec.com.br\/autoitecwp\/wp-content\/uploads\/2019\/02\/imagem2-768x235.png 768w, https:\/\/autoitec.com.br\/autoitecwp\/wp-content\/uploads\/2019\/02\/imagem2-300x92.png 300w, https:\/\/autoitec.com.br\/autoitecwp\/wp-content\/uploads\/2019\/02\/imagem2-1024x313.png 1024w, https:\/\/autoitec.com.br\/autoitecwp\/wp-content\/uploads\/2019\/02\/imagem2.png 1383w\" sizes=\"(max-width: 768px) 100vw, 768px\" \/>\t\t\t\t\t\t\t\t\t\t\t\t\t<\/div>\n\t\t\t\t<\/div>\n\t\t\t\t\t<\/div>\n\t\t<\/div>\n\t\t\t\t\t<\/div>\n\t\t<\/section>\n\t\t\t\t<section class=\"elementor-section elementor-top-section elementor-element elementor-element-fe0bead elementor-section-boxed elementor-section-height-default elementor-section-height-default\" data-id=\"fe0bead\" data-element_type=\"section\">\n\t\t\t\t\t\t<div class=\"elementor-container elementor-column-gap-default\">\n\t\t\t\t\t<div class=\"elementor-column elementor-col-100 elementor-top-column elementor-element elementor-element-f77c581\" data-id=\"f77c581\" data-element_type=\"column\">\n\t\t\t<div class=\"elementor-widget-wrap elementor-element-populated\">\n\t\t\t\t\t\t<div class=\"elementor-element elementor-element-597134a elementor-align-center elementor-widget elementor-widget-button\" data-id=\"597134a\" data-element_type=\"widget\" data-widget_type=\"button.default\">\n\t\t\t\t<div class=\"elementor-widget-container\">\n\t\t\t\t\t<div class=\"elementor-button-wrapper\">\n\t\t\t<a class=\"elementor-button elementor-button-link elementor-size-xl\" href=\"http:\/\/autoitec.com.br\/autoitecwp\/clientes\/\">\n\t\t\t\t\t\t<span class=\"elementor-button-content-wrapper\">\n\t\t\t\t\t\t<span class=\"elementor-button-icon\">\n\t\t\t\t\t\t\t\t\t<i class=\"fa fa-address-book\" aria-hidden=\"true\"><\/i>\n\t\t\t\t\t\t\t<\/span>\n\t\t\t\t\t\t\t\t\t<span class=\"elementor-button-text\">Conhe\u00e7a Nossos Clientes<\/span>\n\t\t\t\t\t<\/span>\n\t\t\t\t\t<\/a>\n\t\t<\/div>\n\t\t\t\t<\/div>\n\t\t\t\t<\/div>\n\t\t\t\t\t<\/div>\n\t\t<\/div>\n\t\t\t\t\t<\/div>\n\t\t<\/section>\n\t\t\t\t<\/div>\n\t\t","protected":false},"excerpt":{"rendered":"<p>Sistema de Telemetria O sistema de telemetria permite acesso seguro e direto \u00e0s informa\u00e7\u00f5es, em tempo real, via GPRS, das medi\u00e7\u00f5es de processos como: vaz\u00f5es, n\u00edveis, press\u00f5es, temperaturas,\u00a0 energia, g\u00e1s e outras. Permitindo, tamb\u00e9m, acesso aos dados atrav\u00e9s dos diversos protocolos industriais existentes no mercado. Sistema de Telecomandos O sistema de telecomando permite o acionamento&hellip; <br \/> <a class=\"button small blue\" href=\"https:\/\/autoitec.com.br\/autoitecwp\/produtos\/\">Leia mais<\/a><\/p>\n","protected":false},"author":1,"featured_media":0,"parent":0,"menu_order":0,"comment_status":"closed","ping_status":"closed","template":"","meta":{"footnotes":""},"class_list":["post-552","page","type-page","status-publish","hentry"],"_links":{"self":[{"href":"https:\/\/autoitec.com.br\/autoitecwp\/wp-json\/wp\/v2\/pages\/552"}],"collection":[{"href":"https:\/\/autoitec.com.br\/autoitecwp\/wp-json\/wp\/v2\/pages"}],"about":[{"href":"https:\/\/autoitec.com.br\/autoitecwp\/wp-json\/wp\/v2\/types\/page"}],"author":[{"embeddable":true,"href":"https:\/\/autoitec.com.br\/autoitecwp\/wp-json\/wp\/v2\/users\/1"}],"replies":[{"embeddable":true,"href":"https:\/\/autoitec.com.br\/autoitecwp\/wp-json\/wp\/v2\/comments?post=552"}],"version-history":[{"count":6,"href":"https:\/\/autoitec.com.br\/autoitecwp\/wp-json\/wp\/v2\/pages\/552\/revisions"}],"predecessor-version":[{"id":565,"href":"https:\/\/autoitec.com.br\/autoitecwp\/wp-json\/wp\/v2\/pages\/552\/revisions\/565"}],"wp:attachment":[{"href":"https:\/\/autoitec.com.br\/autoitecwp\/wp-json\/wp\/v2\/media?parent=552"}],"curies":[{"name":"wp","href":"https:\/\/api.w.org\/{rel}","templated":true}]}}